{"id":19,"date":"2022-02-09T18:09:31","date_gmt":"2022-02-09T17:09:31","guid":{"rendered":"https:\/\/www.silencefiction.com\/?page_id=19"},"modified":"2024-07-22T12:39:05","modified_gmt":"2024-07-22T10:39:05","slug":"partenaires","status":"publish","type":"page","link":"https:\/\/www.silencefiction.com\/index.php\/partenaires\/","title":{"rendered":"Partenaires"},"content":{"rendered":"\n<h3 class=\"wp-block-heading\">Partenaires<\/h3>\n\n\n\n<p>Chez Silence!Fiction, nous sommes fiers de collaborer avec des leaders de l&rsquo;industrie pour offrir des contenus de qualit\u00e9 sup\u00e9rieure. Nos partenaires partagent notre vision et notre engagement envers l&rsquo;innovation et l&rsquo;excellence. D\u00e9couvrez les entreprises avec lesquelles nous travaillons :<\/p>\n\n\n\n<hr class=\"wp-block-separator has-alpha-channel-opacity\"\/>\n\n\n\n<p><strong>Audibl<\/strong>e<\/p>\n\n\n\n<figure class=\"wp-block-image size-full is-resized\"><img loading=\"lazy\" decoding=\"async\" width=\"1024\" height=\"500\" src=\"https:\/\/www.silencefiction.com\/wp-content\/uploads\/2024\/07\/Audiblelogo.png\" alt=\"\" class=\"wp-image-62\" style=\"width:840px;height:auto\" srcset=\"https:\/\/www.silencefiction.com\/wp-content\/uploads\/2024\/07\/Audiblelogo.png 1024w, https:\/\/www.silencefiction.com\/wp-content\/uploads\/2024\/07\/Audiblelogo-300x146.png 300w, https:\/\/www.silencefiction.com\/wp-content\/uploads\/2024\/07\/Audiblelogo-768x375.png 768w\" sizes=\"auto, (max-width: 1024px) 100vw, 1024px\" \/><\/figure>\n\n\n\n<p>Audible, une filiale d&rsquo;Amazon, est l&rsquo;un des plus grands distributeurs de livres audio et de contenus audio originaux. Leur plateforme nous permet de partager nos podcasts et r\u00e9cits audio avec une audience mondiale.<\/p>\n\n\n\n<hr class=\"wp-block-separator has-alpha-channel-opacity\"\/>\n\n\n\n<p><strong>Amazon<\/strong><\/p>\n\n\n\n<figure class=\"wp-block-image\"><img decoding=\"async\" src=\"https:\/\/upload.wikimedia.org\/wikipedia\/commons\/a\/a9\/Amazon_logo.svg\" alt=\"Amazon Logo\"\/><\/figure>\n\n\n\n<p>En tant que g\u00e9ant du commerce \u00e9lectronique et du divertissement, Amazon nous offre une vaste port\u00e9e et des ressources inestimables pour diffuser nos contenus. Nous collaborons \u00e9troitement pour produire et distribuer des s\u00e9ries et des sc\u00e9narios innovants.<\/p>\n\n\n\n<hr class=\"wp-block-separator has-alpha-channel-opacity\"\/>\n\n\n\n<p><strong>Spotify<\/strong><\/p>\n\n\n\n<figure class=\"wp-block-image\"><img decoding=\"async\" src=\"https:\/\/upload.wikimedia.org\/wikipedia\/commons\/1\/19\/Spotify_logo_without_text.svg\" alt=\"Spotify Logo\"\/><\/figure>\n\n\n\n<p>Spotify, leader mondial du streaming musical et des podcasts, est un partenaire cl\u00e9 pour la diffusion de nos cr\u00e9ations audio. Leur plateforme intuitive et leur large base d&rsquo;utilisateurs nous permettent de toucher un public diversifi\u00e9 et engag\u00e9.<\/p>\n\n\n\n<hr class=\"wp-block-separator has-alpha-channel-opacity\"\/>\n\n\n\n<p><strong>Apple Music<\/strong><\/p>\n\n\n\n<figure class=\"wp-block-image size-full is-resized\"><img loading=\"lazy\" decoding=\"async\" width=\"866\" height=\"650\" src=\"https:\/\/www.silencefiction.com\/wp-content\/uploads\/2024\/07\/apple_music.jpeg\" alt=\"\" class=\"wp-image-63\" style=\"width:648px;height:auto\" srcset=\"https:\/\/www.silencefiction.com\/wp-content\/uploads\/2024\/07\/apple_music.jpeg 866w, https:\/\/www.silencefiction.com\/wp-content\/uploads\/2024\/07\/apple_music-300x225.jpeg 300w, https:\/\/www.silencefiction.com\/wp-content\/uploads\/2024\/07\/apple_music-768x576.jpeg 768w\" sizes=\"auto, (max-width: 866px) 100vw, 866px\" \/><\/figure>\n\n\n\n<p>Apple Music, une des principales plateformes de streaming audio, nous aide \u00e0 offrir nos contenus aux utilisateurs d&rsquo;Apple \u00e0 travers le monde. Leur engagement envers la qualit\u00e9 et l&rsquo;innovation correspond parfaitement \u00e0 nos valeurs.<\/p>\n\n\n\n<hr class=\"wp-block-separator has-alpha-channel-opacity\"\/>\n\n\n\n<p><strong>Nos Valeurs Partag\u00e9es<\/strong><\/p>\n\n\n\n<p>Nos partenaires et nous partageons des valeurs communes :<\/p>\n\n\n\n<ul class=\"wp-block-list\">\n<li><strong>Qualit\u00e9 de contenu :<\/strong>\u00a0Nous nous engageons \u00e0 produire et \u00e0 diffuser des contenus de la plus haute qualit\u00e9.<\/li>\n\n\n\n<li><strong>Innovation :<\/strong>\u00a0Ensemble, nous explorons de nouvelles id\u00e9es et formats pour cr\u00e9er des exp\u00e9riences uniques.<\/li>\n\n\n\n<li><strong>Proximit\u00e9 et collaboration :<\/strong>\u00a0Une communication ouverte et transparente est au c\u0153ur de notre collaboration, garantissant des productions harmonieuses et r\u00e9ussies.<\/li>\n<\/ul>\n\n\n\n<p>Nous sommes honor\u00e9s de travailler avec ces entreprises prestigieuses et nous nous r\u00e9jouissons de continuer \u00e0 cr\u00e9er des contenus qui inspirent et captivent notre audience.<\/p>\n","protected":false},"excerpt":{"rendered":"<p>Partenaires Chez Silence!Fiction, nous sommes fiers de collaborer avec des leaders de l&rsquo;industrie pour offrir des contenus de qualit\u00e9 sup\u00e9rieure. Nos partenaires partagent notre vision et notre engagement envers l&rsquo;innovation et l&rsquo;excellence. D\u00e9couvrez les entreprises avec lesquelles nous travaillons : Audible Audible, une filiale d&rsquo;Amazon, est l&rsquo;un des plus grands distributeurs de livres audio et [&hellip;]<\/p>\n","protected":false},"author":1,"featured_media":0,"parent":0,"menu_order":0,"comment_status":"closed","ping_status":"closed","template":"","meta":{"footnotes":""},"class_list":["post-19","page","type-page","status-publish","hentry"],"_links":{"self":[{"href":"https:\/\/www.silencefiction.com\/index.php\/wp-json\/wp\/v2\/pages\/19","targetHints":{"allow":["GET"]}}],"collection":[{"href":"https:\/\/www.silencefiction.com\/index.php\/wp-json\/wp\/v2\/pages"}],"about":[{"href":"https:\/\/www.silencefiction.com\/index.php\/wp-json\/wp\/v2\/types\/page"}],"author":[{"embeddable":true,"href":"https:\/\/www.silencefiction.com\/index.php\/wp-json\/wp\/v2\/users\/1"}],"replies":[{"embeddable":true,"href":"https:\/\/www.silencefiction.com\/index.php\/wp-json\/wp\/v2\/comments?post=19"}],"version-history":[{"count":3,"href":"https:\/\/www.silencefiction.com\/index.php\/wp-json\/wp\/v2\/pages\/19\/revisions"}],"predecessor-version":[{"id":64,"href":"https:\/\/www.silencefiction.com\/index.php\/wp-json\/wp\/v2\/pages\/19\/revisions\/64"}],"wp:attachment":[{"href":"https:\/\/www.silencefiction.com\/index.php\/wp-json\/wp\/v2\/media?parent=19"}],"curies":[{"name":"wp","href":"https:\/\/api.w.org\/{rel}","templated":true}]}}